{"id":18804,"date":"2022-05-27T19:46:24","date_gmt":"2022-05-27T17:46:24","guid":{"rendered":"https:\/\/localhost:8888\/site_skyfarms_boutique\/?page_id=18804"},"modified":"2022-06-23T11:17:37","modified_gmt":"2022-06-23T09:17:37","slug":"fermeture-de-la-jardinerie","status":"publish","type":"page","link":"https:\/\/skyfarms.be\/en\/fermeture-de-la-jardinerie\/","title":{"rendered":"Fermeture de la jardinerie"},"content":{"rendered":"<p>Ch\u00e8res clientes, Chers clients,<\/p>\n<p>L\u2019\u00e9quipe de Skyfarms a pris la d\u00e9cision de fermer la jardinerie du Be-here <b>\u00e0 partir du 27 juin 2022.<\/b> En effet, Skyfarms r\u00e9organise ses activit\u00e9s pour se concentrer sur nos projets de conception et d\u2019accompagnement pour des ASBL, des entreprises et des pouvoirs publics.<\/p>\n<p>Nous souhaitons mettre toute notre \u00e9nergie pour d\u00e9velopper un maximum de projets de v\u00e9g\u00e9talisation comestibles et\/ou d\u00e9coratifs. Car le temps presse. Un nouveau mod\u00e8le urbain est n\u00e9cessaire pour faire face aux enjeux environnementaux et sociaux actuels.<\/p>\n<p>Sachez que ce f\u00fbt un immense plaisir de vous servir ! Merci infiniment pour votre confiance.<\/p>\n<p>Soyez sans crainte, toutes les commandes seront honor\u00e9es jusqu\u2019au 24 juin. D\u2019ici l\u00e0 profitez d\u2019actions sp\u00e9ciales tout au long du mois de juin.<\/p>\n<p>Les organisations ou les potagers collectifs peuvent toujours nous passer des commandes de mat\u00e9riel en demandant notre catalogue \u00e0 l\u2019adresse suivante: <a href=\"mailto:shop@skyfarms.be\">shop@skyfarms.be<\/a><\/p>\n<p>V\u00e9g\u00e9talement v\u00f4tre,<br \/>\nL\u2019\u00e9quipe Skyfarms<\/p>\n","protected":false},"excerpt":{"rendered":"<p>Ch\u00e8res clientes, Chers clients, L\u2019\u00e9quipe de Skyfarms a pris la d\u00e9cision de fermer la jardinerie du Be-here \u00e0 partir du 27 juin 2022. En effet, Skyfarms r\u00e9organise ses activit\u00e9s pour se concentrer sur nos projets de conception et d\u2019accompagnement pour des ASBL, des entreprises et des pouvoirs publics. Nous souhaitons mettre toute notre \u00e9nergie pour [&hellip;]<\/p>\n","protected":false},"author":1,"featured_media":0,"parent":0,"menu_order":0,"comment_status":"closed","ping_status":"closed","template":"page-base.php","meta":{"_acf_changed":false,"footnotes":""},"acf":[],"yoast_head":"<!-- This site is optimized with the Yoast SEO plugin v22.1 - https:\/\/yoast.com\/wordpress\/plugins\/seo\/ -->\n<title>Fermeture de la jardinerie &#8212; Skyfarms<\/title>\n<meta name=\"robots\" content=\"index, follow, max-snippet:-1, max-image-preview:large, max-video-preview:-1\" \/>\n<link rel=\"canonical\" href=\"https:\/\/skyfarms.be\/en\/fermeture-de-la-jardinerie\/\" \/>\n<meta property=\"og:locale\" content=\"en_US\" \/>\n<meta property=\"og:type\" content=\"article\" \/>\n<meta property=\"og:title\" content=\"Fermeture de la jardinerie &#8212; Skyfarms\" \/>\n<meta property=\"og:description\" content=\"Ch\u00e8res clientes, Chers clients, L\u2019\u00e9quipe de Skyfarms a pris la d\u00e9cision de fermer la jardinerie du Be-here \u00e0 partir du 27 juin 2022. En effet, Skyfarms r\u00e9organise ses activit\u00e9s pour se concentrer sur nos projets de conception et d\u2019accompagnement pour des ASBL, des entreprises et des pouvoirs publics. Nous souhaitons mettre toute notre \u00e9nergie pour [&hellip;]\" \/>\n<meta property=\"og:url\" content=\"https:\/\/skyfarms.be\/en\/fermeture-de-la-jardinerie\/\" \/>\n<meta property=\"og:site_name\" content=\"Skyfarms\" \/>\n<meta property=\"article:publisher\" content=\"https:\/\/www.facebook.com\/SkyFarms-SPRL-1563546013940459\/\" \/>\n<meta property=\"article:modified_time\" content=\"2022-06-23T09:17:37+00:00\" \/>\n<meta name=\"twitter:card\" content=\"summary_large_image\" \/>\n<meta name=\"twitter:label1\" content=\"Est. reading time\" \/>\n\t<meta name=\"twitter:data1\" content=\"1 minute\" \/>\n<script type=\"application\/ld+json\" class=\"yoast-schema-graph\">{\"@context\":\"https:\/\/schema.org\",\"@graph\":[{\"@type\":\"WebPage\",\"@id\":\"https:\/\/skyfarms.be\/en\/fermeture-de-la-jardinerie\/\",\"url\":\"https:\/\/skyfarms.be\/en\/fermeture-de-la-jardinerie\/\",\"name\":\"Fermeture de la jardinerie &#8212; Skyfarms\",\"isPartOf\":{\"@id\":\"https:\/\/skyfarms.be\/en\/#website\"},\"datePublished\":\"2022-05-27T17:46:24+00:00\",\"dateModified\":\"2022-06-23T09:17:37+00:00\",\"breadcrumb\":{\"@id\":\"https:\/\/skyfarms.be\/en\/fermeture-de-la-jardinerie\/#breadcrumb\"},\"inLanguage\":\"en-US\",\"potentialAction\":[{\"@type\":\"ReadAction\",\"target\":[\"https:\/\/skyfarms.be\/en\/fermeture-de-la-jardinerie\/\"]}]},{\"@type\":\"BreadcrumbList\",\"@id\":\"https:\/\/skyfarms.be\/en\/fermeture-de-la-jardinerie\/#breadcrumb\",\"itemListElement\":[{\"@type\":\"ListItem\",\"position\":1,\"name\":\"Home\",\"item\":\"https:\/\/skyfarms.be\/en\/\"},{\"@type\":\"ListItem\",\"position\":2,\"name\":\"Fermeture de la jardinerie\"}]},{\"@type\":\"WebSite\",\"@id\":\"https:\/\/skyfarms.be\/en\/#website\",\"url\":\"https:\/\/skyfarms.be\/en\/\",\"name\":\"Skyfarms\",\"description\":\"Potagers d&#039;entreprise collaboratifs\",\"potentialAction\":[{\"@type\":\"SearchAction\",\"target\":{\"@type\":\"EntryPoint\",\"urlTemplate\":\"https:\/\/skyfarms.be\/en\/?s={search_term_string}\"},\"query-input\":\"required name=search_term_string\"}],\"inLanguage\":\"en-US\"}]}<\/script>\n<!-- \/ Yoast SEO plugin. -->","yoast_head_json":{"title":"Fermeture de la jardinerie &#8212; Skyfarms","robots":{"index":"index","follow":"follow","max-snippet":"max-snippet:-1","max-image-preview":"max-image-preview:large","max-video-preview":"max-video-preview:-1"},"canonical":"https:\/\/skyfarms.be\/en\/fermeture-de-la-jardinerie\/","og_locale":"en_US","og_type":"article","og_title":"Fermeture de la jardinerie &#8212; Skyfarms","og_description":"Ch\u00e8res clientes, Chers clients, L\u2019\u00e9quipe de Skyfarms a pris la d\u00e9cision de fermer la jardinerie du Be-here \u00e0 partir du 27 juin 2022. En effet, Skyfarms r\u00e9organise ses activit\u00e9s pour se concentrer sur nos projets de conception et d\u2019accompagnement pour des ASBL, des entreprises et des pouvoirs publics. Nous souhaitons mettre toute notre \u00e9nergie pour [&hellip;]","og_url":"https:\/\/skyfarms.be\/en\/fermeture-de-la-jardinerie\/","og_site_name":"Skyfarms","article_publisher":"https:\/\/www.facebook.com\/SkyFarms-SPRL-1563546013940459\/","article_modified_time":"2022-06-23T09:17:37+00:00","twitter_card":"summary_large_image","twitter_misc":{"Est. reading time":"1 minute"},"schema":{"@context":"https:\/\/schema.org","@graph":[{"@type":"WebPage","@id":"https:\/\/skyfarms.be\/en\/fermeture-de-la-jardinerie\/","url":"https:\/\/skyfarms.be\/en\/fermeture-de-la-jardinerie\/","name":"Fermeture de la jardinerie &#8212; Skyfarms","isPartOf":{"@id":"https:\/\/skyfarms.be\/en\/#website"},"datePublished":"2022-05-27T17:46:24+00:00","dateModified":"2022-06-23T09:17:37+00:00","breadcrumb":{"@id":"https:\/\/skyfarms.be\/en\/fermeture-de-la-jardinerie\/#breadcrumb"},"inLanguage":"en-US","potentialAction":[{"@type":"ReadAction","target":["https:\/\/skyfarms.be\/en\/fermeture-de-la-jardinerie\/"]}]},{"@type":"BreadcrumbList","@id":"https:\/\/skyfarms.be\/en\/fermeture-de-la-jardinerie\/#breadcrumb","itemListElement":[{"@type":"ListItem","position":1,"name":"Home","item":"https:\/\/skyfarms.be\/en\/"},{"@type":"ListItem","position":2,"name":"Fermeture de la jardinerie"}]},{"@type":"WebSite","@id":"https:\/\/skyfarms.be\/en\/#website","url":"https:\/\/skyfarms.be\/en\/","name":"Skyfarms","description":"Potagers d&#039;entreprise collaboratifs","potentialAction":[{"@type":"SearchAction","target":{"@type":"EntryPoint","urlTemplate":"https:\/\/skyfarms.be\/en\/?s={search_term_string}"},"query-input":"required name=search_term_string"}],"inLanguage":"en-US"}]}},"_links":{"self":[{"href":"https:\/\/skyfarms.be\/en\/wp-json\/wp\/v2\/pages\/18804"}],"collection":[{"href":"https:\/\/skyfarms.be\/en\/wp-json\/wp\/v2\/pages"}],"about":[{"href":"https:\/\/skyfarms.be\/en\/wp-json\/wp\/v2\/types\/page"}],"author":[{"embeddable":true,"href":"https:\/\/skyfarms.be\/en\/wp-json\/wp\/v2\/users\/1"}],"replies":[{"embeddable":true,"href":"https:\/\/skyfarms.be\/en\/wp-json\/wp\/v2\/comments?post=18804"}],"version-history":[{"count":0,"href":"https:\/\/skyfarms.be\/en\/wp-json\/wp\/v2\/pages\/18804\/revisions"}],"wp:attachment":[{"href":"https:\/\/skyfarms.be\/en\/wp-json\/wp\/v2\/media?parent=18804"}],"curies":[{"name":"wp","href":"https:\/\/api.w.org\/{rel}","templated":true}]}}