{"id":2496,"date":"2019-02-27T09:37:14","date_gmt":"2019-02-27T08:37:14","guid":{"rendered":"http:\/\/skyfarms.kinsta.cloud\/politique-de-confidentialite\/"},"modified":"2022-06-26T18:55:47","modified_gmt":"2022-06-26T16:55:47","slug":"privacybeleid","status":"publish","type":"page","link":"https:\/\/skyfarms.be\/nl\/privacybeleid\/","title":{"rendered":"Privacybeleid"},"content":{"rendered":"<ol>\n<li>Dans le cadre de ses activit\u00e9s, Skyfarms SPRL est susceptible de traiter certaines donn\u00e9es \u00e0 caract\u00e8re personnel de personnes physiques. Skyfarms SPRL s\u2019est engag\u00e9e \u00e0 respecter l\u2019ensemble des r\u00e9glementations nationales et internationales en vigueur relatives \u00e0 la protection des donn\u00e9es \u00e0 caract\u00e8re personnel et \u00e0 la vie priv\u00e9e, et notamment le r\u00e8glement (UE) 2016\/679 du Parlement europ\u00e9en et du Conseil du 27 avril 2016 relatif \u00e0 la protection des personnes physiques \u00e0 l\u2019\u00e9gard du traitement des donn\u00e9es \u00e0 caract\u00e8re personnel et \u00e0 la libre circulation de ces donn\u00e9es, et abrogeant la directive 95\/46\/CE (ci-apr\u00e8s d\u00e9nomm\u00e9 le \u00ab r\u00e8glement g\u00e9n\u00e9ral sur la protection des donn\u00e9es \u00bb).Skyfarms SPRL s\u2019engage \u00e0 l\u2019\u00e9gard des tiers \u00e0 disposer de garanties suffisantes quant \u00e0 la mise en \u0153uvre de mesures techniques et organisationnelles appropri\u00e9es de mani\u00e8re \u00e0 ce que les traitements qu\u2019elle op\u00e8re r\u00e9pondent aux exigences r\u00e9glementaires.Par ailleurs, en tant qu\u2019employeur, Skyfarms SPRL collecte et traite \u00e9galement des donn\u00e9es \u00e0 caract\u00e8re personnel de ses travailleurs, agents ou autres pr\u00e9pos\u00e9s. En tant que personne physique, ceux-ci b\u00e9n\u00e9ficient \u00e9galement de la protection de leurs donn\u00e9es \u00e0 caract\u00e8re personnel et du strict respect de leur vie priv\u00e9e.Skyfarms SPRL s\u2019est engag\u00e9e \u00e0 acc\u00e9der et \u00e0 traiter les donn\u00e9es de fa\u00e7on strictement confidentielle et \u00e0 limiter l\u2019acc\u00e8s aux donn\u00e9es aux seules personnes (travailleurs, agents et autres pr\u00e9pos\u00e9s) qui en ont besoin pour l\u2019ex\u00e9cution de leur travail et en fonction des n\u00e9cessit\u00e9s requises par les prestations de services d\u00e9coulant du contrat liant le client \u00e0 Skyfarms SPRL ou des relations contractuelles liant un travailleur\/pr\u00e9pos\u00e9 \u00e0 Skyfarms SPRL, et ce toujours sous le contr\u00f4le de Skyfarms SPRL.La pr\u00e9sente politique de confidentialit\u00e9 et de protection des donn\u00e9es \u00e0 caract\u00e8re personnel a \u00e9t\u00e9 r\u00e9dig\u00e9e \u00e0 cette fin. Elle refl\u00e8te la protection que Skyfarms SPRL souhaite apporter \u00e0 la vie priv\u00e9e des personnes physiques.La pr\u00e9sente constitue un socle de r\u00e8gles de bonne conduite auxquelles tous les travailleurs et les prestataires de Skyfarms SPRL sont tenus de respecter. Elle est valable pendant toute la dur\u00e9e du contrat de travail\/prestations de service et continuera \u00e0 s\u2019appliquer apr\u00e8s la r\u00e9siliation dudit contrat, peu importe les raisons ayant entra\u00een\u00e9 la r\u00e9siliation.<\/li>\n<li>Une donn\u00e9e \u00e0 caract\u00e8re personnel est toute information relative \u00e0 une personne physique identifi\u00e9e ou qui peut \u00eatre identifi\u00e9e, directement ou indirectement, par r\u00e9f\u00e9rence \u00e0 un num\u00e9ro d\u2019identification ou \u00e0 un ou plusieurs \u00e9l\u00e9ments qui lui sont propres. Cela signifie qu\u2019une donn\u00e9e \u00e0 caract\u00e8re personnel, c\u2019est tout ce qui permet d\u2019identifier une personne : le nom, le pr\u00e9nom, l\u2019adresse, le num\u00e9ro de registre national, le num\u00e9ro de t\u00e9l\u00e9phone portable, l\u2019adresse mail, etc. 2 Un traitement de donn\u00e9es \u00e0 caract\u00e8re personnel est toute op\u00e9ration, ou un ensemble d\u2019op\u00e9rations, portant sur de telles donn\u00e9es, quel que soit le proc\u00e9d\u00e9 utilis\u00e9 (collecte, enregistrement, organisation, conservation, adaptation, modification, extraction, consultation, utilisation, communication par transmission, diffusion ou toute autre forme de mise \u00e0 disposition, rapprochement ou interconnexion, verrouillage, effacement ou destruction, &#8230;).<\/li>\n<li>Dans le cadre de l\u2019ex\u00e9cution de vos missions en application de votre contrat de travail\/prestations de service, vous vous engagez express\u00e9ment, pendant et apr\u00e8s la dur\u00e9e de la relation contractuelle ou professionnelle vous liant \u00e0 Skyfarms SPRL, \u00e0 respecter les r\u00e8gles et les principes suivant(e)s :<\/li>\n<\/ol>\n<ul>\n<li>Exploiter les informations ou donn\u00e9es auxquelles vous avez acc\u00e8s qu\u2019en vue de r\u00e9aliser les missions et les objectifs d\u00e9finis dans votre contrat de travail\/prestations de service ou en ex\u00e9cution de celui-ci, conform\u00e9ment aux instructions de Skyfarms SPRL;<\/li>\n<li>Suivre les formations requises par Skyfarms SPRL en mati\u00e8re de protection des donn\u00e9es \u00e0 caract\u00e8re personnel ;<\/li>\n<li>Ne pas divulguer ou communiquer \u00e0 un tiers, tout ou partie des informations ou donn\u00e9es auxquelles vous avez acc\u00e8s ;<\/li>\n<li>Ne pas utiliser\/exploiter les informations ou donn\u00e9es auxquelles vous avez acc\u00e8s \u00e0 des fins autres que celles pr\u00e9vues par votre contrat de travail\/prestations de service ;<\/li>\n<li>Ne pas effectuer ou conserver de copies, sur quelque support que ce soit, \u00e0 d\u2019autres fins que la sauvegarde ou l\u2019archivage command\u00e9 par l\u2019exercice de vos fonctions\/missions conform\u00e9ment \u00e0 votre contrat de travail\/prestations de service vous liant \u00e0 Skyfarms SPRL ;<\/li>\n<li>Prendre toutes les dispositions utiles et n\u00e9cessaires pour que les informations ou donn\u00e9es transmises dans le cadre de votre travail\/mission ne soient pas divulgu\u00e9es \u00e0 des fins autres que toutes celles pr\u00e9vues par votre contrat de travail\/prestations de services. Vous vous engagez \u00e9galement \u00e0 informer imm\u00e9diatement Skyfarms SPRL de tout cas de violation de donn\u00e9es ou de circonstances qui pourraient donner lieu \u00e0 une violation de donn\u00e9es. Une violation de donn\u00e9es est une faille de s\u00e9curit\u00e9 entra\u00eenant, de mani\u00e8re accidentelle ou illicite, la destruction, la perte, l\u2019alt\u00e9ration, la divulgation ou l\u2019acc\u00e8s non autoris\u00e9(e) de donn\u00e9es, notamment \u00e0 caract\u00e8re personnel. Vous vous engagez \u00e0 collaborer avec Skyfarms SPRL de mani\u00e8re \u00e0 lui permettre de prendre toutes les mesures utiles et n\u00e9cessaires qui s\u2019imposent pour rem\u00e9dier \u00e0 la violation et en limiter les d\u00e9g\u00e2ts.<\/li>\n<\/ul>\n<p>Pour de plus amples informations, Skyfarms SPRL vous invite \u00e0 consulter le site web de l&#8217;autorit\u00e9 de contr\u00f4le.<\/p>\n<p>Vous pouvez \u00e9galement nous contacter pour toute question\/demande\/r\u00e9clamation au num\u00e9ro de t\u00e9l\u00e9phone suivant : 0485126354 ;<\/p>\n<p>ou par email \u00e0 l\u2019adresse suivante : info@skyfarms.be.<\/p>\n<p>Pour accord, 3 Skyfarms SPRL Avenue des jardins 26 1030 Schaerbeek<\/p>\n","protected":false},"excerpt":{"rendered":"<p>Dans le cadre de ses activit\u00e9s, Skyfarms SPRL est susceptible de traiter certaines donn\u00e9es \u00e0 caract\u00e8re personnel de personnes physiques. Skyfarms SPRL s\u2019est engag\u00e9e \u00e0 respecter l\u2019ensemble des r\u00e9glementations nationales et internationales en vigueur relatives \u00e0 la protection des donn\u00e9es \u00e0 caract\u00e8re personnel et \u00e0 la vie priv\u00e9e, et notamment le r\u00e8glement (UE) 2016\/679 du [&hellip;]<\/p>\n","protected":false},"author":1,"featured_media":0,"parent":0,"menu_order":0,"comment_status":"closed","ping_status":"closed","template":"page-base.php","meta":{"_acf_changed":false,"footnotes":""},"acf":[],"yoast_head":"<!-- This site is optimized with the Yoast SEO plugin v22.1 - https:\/\/yoast.com\/wordpress\/plugins\/seo\/ -->\n<title>Privacybeleid &#8212; Skyfarms<\/title>\n<meta name=\"robots\" content=\"index, follow, max-snippet:-1, max-image-preview:large, max-video-preview:-1\" \/>\n<link rel=\"canonical\" href=\"https:\/\/skyfarms.be\/nl\/privacybeleid\/\" \/>\n<meta property=\"og:locale\" content=\"nl_NL\" \/>\n<meta property=\"og:type\" content=\"article\" \/>\n<meta property=\"og:title\" content=\"Privacybeleid &#8212; Skyfarms\" \/>\n<meta property=\"og:description\" content=\"Dans le cadre de ses activit\u00e9s, Skyfarms SPRL est susceptible de traiter certaines donn\u00e9es \u00e0 caract\u00e8re personnel de personnes physiques. Skyfarms SPRL s\u2019est engag\u00e9e \u00e0 respecter l\u2019ensemble des r\u00e9glementations nationales et internationales en vigueur relatives \u00e0 la protection des donn\u00e9es \u00e0 caract\u00e8re personnel et \u00e0 la vie priv\u00e9e, et notamment le r\u00e8glement (UE) 2016\/679 du [&hellip;]\" \/>\n<meta property=\"og:url\" content=\"https:\/\/skyfarms.be\/nl\/privacybeleid\/\" \/>\n<meta property=\"og:site_name\" content=\"Skyfarms\" \/>\n<meta property=\"article:publisher\" content=\"https:\/\/www.facebook.com\/SkyFarms-SPRL-1563546013940459\/\" \/>\n<meta property=\"article:modified_time\" content=\"2022-06-26T16:55:47+00:00\" \/>\n<meta name=\"twitter:card\" content=\"summary_large_image\" \/>\n<meta name=\"twitter:label1\" content=\"Est. reading time\" \/>\n\t<meta name=\"twitter:data1\" content=\"5 minutes\" \/>\n<script type=\"application\/ld+json\" class=\"yoast-schema-graph\">{\"@context\":\"https:\/\/schema.org\",\"@graph\":[{\"@type\":\"WebPage\",\"@id\":\"https:\/\/skyfarms.be\/nl\/privacybeleid\/\",\"url\":\"https:\/\/skyfarms.be\/nl\/privacybeleid\/\",\"name\":\"Privacybeleid &#8212; Skyfarms\",\"isPartOf\":{\"@id\":\"https:\/\/skyfarms.be\/nl\/#website\"},\"datePublished\":\"2019-02-27T08:37:14+00:00\",\"dateModified\":\"2022-06-26T16:55:47+00:00\",\"breadcrumb\":{\"@id\":\"https:\/\/skyfarms.be\/nl\/privacybeleid\/#breadcrumb\"},\"inLanguage\":\"nl-NL\",\"potentialAction\":[{\"@type\":\"ReadAction\",\"target\":[\"https:\/\/skyfarms.be\/nl\/privacybeleid\/\"]}]},{\"@type\":\"BreadcrumbList\",\"@id\":\"https:\/\/skyfarms.be\/nl\/privacybeleid\/#breadcrumb\",\"itemListElement\":[{\"@type\":\"ListItem\",\"position\":1,\"name\":\"Home\",\"item\":\"https:\/\/skyfarms.be\/nl\/\"},{\"@type\":\"ListItem\",\"position\":2,\"name\":\"Privacybeleid\"}]},{\"@type\":\"WebSite\",\"@id\":\"https:\/\/skyfarms.be\/nl\/#website\",\"url\":\"https:\/\/skyfarms.be\/nl\/\",\"name\":\"Skyfarms\",\"description\":\"Potagers d&#039;entreprise collaboratifs\",\"potentialAction\":[{\"@type\":\"SearchAction\",\"target\":{\"@type\":\"EntryPoint\",\"urlTemplate\":\"https:\/\/skyfarms.be\/nl\/?s={search_term_string}\"},\"query-input\":\"required name=search_term_string\"}],\"inLanguage\":\"nl-NL\"}]}<\/script>\n<!-- \/ Yoast SEO plugin. -->","yoast_head_json":{"title":"Privacybeleid &#8212; Skyfarms","robots":{"index":"index","follow":"follow","max-snippet":"max-snippet:-1","max-image-preview":"max-image-preview:large","max-video-preview":"max-video-preview:-1"},"canonical":"https:\/\/skyfarms.be\/nl\/privacybeleid\/","og_locale":"nl_NL","og_type":"article","og_title":"Privacybeleid &#8212; Skyfarms","og_description":"Dans le cadre de ses activit\u00e9s, Skyfarms SPRL est susceptible de traiter certaines donn\u00e9es \u00e0 caract\u00e8re personnel de personnes physiques. Skyfarms SPRL s\u2019est engag\u00e9e \u00e0 respecter l\u2019ensemble des r\u00e9glementations nationales et internationales en vigueur relatives \u00e0 la protection des donn\u00e9es \u00e0 caract\u00e8re personnel et \u00e0 la vie priv\u00e9e, et notamment le r\u00e8glement (UE) 2016\/679 du [&hellip;]","og_url":"https:\/\/skyfarms.be\/nl\/privacybeleid\/","og_site_name":"Skyfarms","article_publisher":"https:\/\/www.facebook.com\/SkyFarms-SPRL-1563546013940459\/","article_modified_time":"2022-06-26T16:55:47+00:00","twitter_card":"summary_large_image","twitter_misc":{"Est. reading time":"5 minutes"},"schema":{"@context":"https:\/\/schema.org","@graph":[{"@type":"WebPage","@id":"https:\/\/skyfarms.be\/nl\/privacybeleid\/","url":"https:\/\/skyfarms.be\/nl\/privacybeleid\/","name":"Privacybeleid &#8212; Skyfarms","isPartOf":{"@id":"https:\/\/skyfarms.be\/nl\/#website"},"datePublished":"2019-02-27T08:37:14+00:00","dateModified":"2022-06-26T16:55:47+00:00","breadcrumb":{"@id":"https:\/\/skyfarms.be\/nl\/privacybeleid\/#breadcrumb"},"inLanguage":"nl-NL","potentialAction":[{"@type":"ReadAction","target":["https:\/\/skyfarms.be\/nl\/privacybeleid\/"]}]},{"@type":"BreadcrumbList","@id":"https:\/\/skyfarms.be\/nl\/privacybeleid\/#breadcrumb","itemListElement":[{"@type":"ListItem","position":1,"name":"Home","item":"https:\/\/skyfarms.be\/nl\/"},{"@type":"ListItem","position":2,"name":"Privacybeleid"}]},{"@type":"WebSite","@id":"https:\/\/skyfarms.be\/nl\/#website","url":"https:\/\/skyfarms.be\/nl\/","name":"Skyfarms","description":"Potagers d&#039;entreprise collaboratifs","potentialAction":[{"@type":"SearchAction","target":{"@type":"EntryPoint","urlTemplate":"https:\/\/skyfarms.be\/nl\/?s={search_term_string}"},"query-input":"required name=search_term_string"}],"inLanguage":"nl-NL"}]}},"_links":{"self":[{"href":"https:\/\/skyfarms.be\/nl\/wp-json\/wp\/v2\/pages\/2496"}],"collection":[{"href":"https:\/\/skyfarms.be\/nl\/wp-json\/wp\/v2\/pages"}],"about":[{"href":"https:\/\/skyfarms.be\/nl\/wp-json\/wp\/v2\/types\/page"}],"author":[{"embeddable":true,"href":"https:\/\/skyfarms.be\/nl\/wp-json\/wp\/v2\/users\/1"}],"replies":[{"embeddable":true,"href":"https:\/\/skyfarms.be\/nl\/wp-json\/wp\/v2\/comments?post=2496"}],"version-history":[{"count":0,"href":"https:\/\/skyfarms.be\/nl\/wp-json\/wp\/v2\/pages\/2496\/revisions"}],"wp:attachment":[{"href":"https:\/\/skyfarms.be\/nl\/wp-json\/wp\/v2\/media?parent=2496"}],"curies":[{"name":"wp","href":"https:\/\/api.w.org\/{rel}","templated":true}]}}